{"id":5821,"date":"2021-08-24T14:56:45","date_gmt":"2021-08-24T14:56:45","guid":{"rendered":"http:\/\/centrepublicitaire.lescoops.ca\/?page_id=5821"},"modified":"2023-04-17T15:13:57","modified_gmt":"2023-04-17T19:13:57","slug":"faq","status":"publish","type":"page","link":"http:\/\/centrepublicitaire.lescoops.ca\/?page_id=5821","title":{"rendered":"FAQ"},"content":{"rendered":"[vc_row type=\u00a0\u00bbfull_width_background\u00a0\u00bb full_screen_row_position=\u00a0\u00bbmiddle\u00a0\u00bb column_margin=\u00a0\u00bbdefault\u00a0\u00bb column_direction=\u00a0\u00bbdefault\u00a0\u00bb column_direction_tablet=\u00a0\u00bbdefault\u00a0\u00bb column_direction_phone=\u00a0\u00bbdefault\u00a0\u00bb bg_color=\u00a0\u00bb#f7f7f7&Prime; scene_position=\u00a0\u00bbcenter\u00a0\u00bb top_padding=\u00a0\u00bb100&Prime; bottom_padding=\u00a0\u00bb100&Prime; text_color=\u00a0\u00bbdark\u00a0\u00bb text_align=\u00a0\u00bbleft\u00a0\u00bb row_border_radius=\u00a0\u00bbnone\u00a0\u00bb row_border_radius_applies=\u00a0\u00bbbg\u00a0\u00bb overlay_strength=\u00a0\u00bb0.3&Prime; gradient_direction=\u00a0\u00bbleft_to_right\u00a0\u00bb shape_divider_position=\u00a0\u00bbbottom\u00a0\u00bb bg_image_animation=\u00a0\u00bbnone\u00a0\u00bb shape_type=\u00a0\u00bb\u00a0\u00bb][vc_column column_padding=\u00a0\u00bbno-extra-padding\u00a0\u00bb column_padding_tablet=\u00a0\u00bbinherit\u00a0\u00bb column_padding_phone=\u00a0\u00bbinherit\u00a0\u00bb column_padding_position=\u00a0\u00bball\u00a0\u00bb column_element_spacing=\u00a0\u00bbdefault\u00a0\u00bb background_color_opacity=\u00a0\u00bb1&Prime; background_hover_color_opacity=\u00a0\u00bb1&Prime; column_shadow=\u00a0\u00bbnone\u00a0\u00bb column_border_radius=\u00a0\u00bbnone\u00a0\u00bb column_link_target=\u00a0\u00bb_self\u00a0\u00bb gradient_direction=\u00a0\u00bbleft_to_right\u00a0\u00bb overlay_strength=\u00a0\u00bb0.3&Prime; width=\u00a0\u00bb1\/1&Prime; tablet_width_inherit=\u00a0\u00bbdefault\u00a0\u00bb tablet_text_alignment=\u00a0\u00bbdefault\u00a0\u00bb phone_text_alignment=\u00a0\u00bbdefault\u00a0\u00bb bg_image_animation=\u00a0\u00bbnone\u00a0\u00bb border_type=\u00a0\u00bbsimple\u00a0\u00bb column_border_width=\u00a0\u00bbnone\u00a0\u00bb column_border_style=\u00a0\u00bbsolid\u00a0\u00bb][vc_column_text]\n<h2>FAQ du centre publicitaire<\/h2>\n<p>Cliquez sur chaque question pour obtenir la r\u00e9ponse.[\/vc_column_text][toggles style=\u00a0\u00bbminimal\u00a0\u00bb accordion=\u00a0\u00bbtrue\u00a0\u00bb accordion_starting_functionality=\u00a0\u00bbdefault\u00a0\u00bb][toggle color=\u00a0\u00bbDefault\u00a0\u00bb title=\u00a0\u00bbComment puis-je profiter du cr\u00e9dit de 50% sur ma premi\u00e8re campagne?\u00a0\u00bb][vc_column_text]C&rsquo;est simple, utilisez le code \u00ab\u00a0RABAIS50COOPS\u00a0\u00bb lorsque vous mettez en ligne votre premi\u00e8re campagne, d&rsquo;un montant d&rsquo;au moins 200$.[\/vc_column_text][\/toggle][toggle color=\u00a0\u00bbDefault\u00a0\u00bb title=\u00a0\u00bbQui peut cr\u00e9er un compte dans le centre publicitaire ?\u00a0\u00bb][vc_column_text]Le centre publicitaire a pour but d\u2019offrir aux annonceurs une fa\u00e7on simple d\u2019acheter des espaces publicitaires et de cr\u00e9er leurs campagnes num\u00e9riques. Toute personne peut donc cr\u00e9er un compte sur la plateforme, \u00e0 la seule condition d\u2019avoir un courriel valide, de lire et d\u2019accepter les conditions d\u2019utilisations. Une fois le compte cr\u00e9\u00e9, vous aurez aussi acc\u00e8s \u00e0 plusieurs autres sites et \u00e9diteurs disponibles sur <a href=\"https:\/\/pubm32.com\/\">https:\/\/pubm32.com\/<\/a>[\/vc_column_text][\/toggle][toggle color=\u00a0\u00bbDefault\u00a0\u00bb title=\u00a0\u00bbComment puis-je modifier les informations de mon compte et mon mot de passe ?\u00a0\u00bb][vc_column_text]Vous pouvez mettre \u00e0 jour vos informations dans la section Mon profil, accessible en cliquant sur votre pr\u00e9nom depuis le menu en haut de la page. Dans cette section, vous pouvez aussi modifier votre mot de passe.[\/vc_column_text][\/toggle][toggle color=\u00a0\u00bbDefault\u00a0\u00bb title=\u00a0\u00bbAvec ce compte, ais-je acc\u00e8s aux autres \u00e9diteurs pr\u00e9sents sur Pubm32.com ?\u00a0\u00bb][vc_column_text]Absolument, comme \u00e9diteur, nous voulons faciliter les processus pour nos clients et nous encourageons le support \u00e0 l&rsquo;\u00e9conomie locale. Par cons\u00e9quent, votre compte une fois cr\u00e9\u00e9 vous permet d\u2019acc\u00e9der \u00e0 d\u2019autres \u00e9diteurs pr\u00e9sents sur <a href=\"https:\/\/pubm32.com\">https:\/\/pubm32.com<\/a> . Par ailleurs, puisque chaque \u00e9diteur est ind\u00e9pendant, vous devrez vous loguer aupr\u00e8s du centre publicitaire de chaque \u00e9diteur afin de d\u00e9marrer et suivre vos campagnes.[\/vc_column_text][\/toggle][toggle color=\u00a0\u00bbDefault\u00a0\u00bb title=\u00a0\u00bbPourquoi j\u2019ai besoin d\u2019un deuxi\u00e8me mot de passe, re\u00e7u par courriel ?\u00a0\u00bb][vc_column_text]L\u2019authentification \u00e0 deux facteurs renforce la s\u00e9curit\u00e9 de vos appareils et de vos comptes. Elle offre une meilleure protection puisque l\u2019authentification est effectu\u00e9e \u00e0 partir d\u2019au moins deux \u00e9l\u00e9ments (un facteur que vous connaissez et un facteur que vous poss\u00e9dez, comme un mot de passe et un jeton, ou un mot de passe et une empreinte digitale) pour ouvrir une session. Source : <a href=\"https:\/\/cyber.gc.ca\/fr\/orientation\/pratiques-exemplaires-de-creation-de-phrases-de-passe-et-de-mots-de-passeitsap30032\">https:\/\/cyber.gc.ca\/fr\/orientation\/pratiques-exemplaires-de-creation-de-phrases-de-passe-et-de-mots-de-passeitsap30032<\/a>.[\/vc_column_text][\/toggle][toggle color=\u00a0\u00bbDefault\u00a0\u00bb title=\u00a0\u00bbPuis-je avoir le deuxi\u00e8me mot de passe par SMS ?\u00a0\u00bb][vc_column_text]Pour le moment nous n\u2019offrons la deuxi\u00e8me authentification que par le biais du courriel.[\/vc_column_text][\/toggle][toggle color=\u00a0\u00bbDefault\u00a0\u00bb title=\u00a0\u00bbQuelle est la liste d\u2019industries que vous utilisez et pourquoi ?\u00a0\u00bb][vc_column_text]Dans le but de bien comprendre notre client\u00e8le et ses besoins, cette information nous aidera \u00e0 faire une analyse globale de nos usagers. La liste utilis\u00e9e est bas\u00e9e sur la classification employ\u00e9e par Statistique Canada et tir\u00e9e du syst\u00e8me de classification des industries de l\u2019Am\u00e9rique du Nord (SCIAN). Voici donc la liste compl\u00e8te utilis\u00e9e et un lien vers leur d\u00e9finition d\u00e9taill\u00e9e :<\/p>\n<p>-Agriculture, foresterie, p\u00eache et chasse \u2013 11 (<a href=\"https:\/\/www23.statcan.gc.ca\/imdb\/p3VD_f.pl?Function=getVD&amp;TVD=118464&amp;CVD=118465&amp;CPV=11&amp;CST=01012012&amp;CLV=1&amp;MLV=5\" target=\"_blank\" rel=\"noopener\">d\u00e9tails<\/a>)<\/p>\n<p>-Extraction mini\u00e8re, exploitation en carri\u00e8re, et extraction de p\u00e9trole et de gaz \u2013 21 (<a href=\"https:\/\/www23.statcan.gc.ca\/imdb\/p3VD_f.pl?Function=getVD&amp;TVD=118464&amp;CVD=118465&amp;CPV=21&amp;CST=01012012&amp;CLV=1&amp;MLV=5\" target=\"_blank\" rel=\"noopener\">d\u00e9tails<\/a>)<\/p>\n<p>-Services Publics \u2013 22 (<a href=\"https:\/\/www23.statcan.gc.ca\/imdb\/p3VD_f.pl?Function=getVD&amp;TVD=118464&amp;CVD=118465&amp;CPV=22&amp;CST=01012012&amp;CLV=1&amp;MLV=5\" target=\"_blank\" rel=\"noopener\">d\u00e9tails<\/a>)<\/p>\n<p>-Construction -23 (<a href=\"https:\/\/www23.statcan.gc.ca\/imdb\/p3VD_f.pl?Function=getVD&amp;TVD=118464&amp;CVD=118465&amp;CPV=23&amp;CST=01012012&amp;CLV=1&amp;MLV=5\" target=\"_blank\" rel=\"noopener\">d\u00e9tails<\/a>)<\/p>\n<p>-Fabrication \u2013 31-33 (<a href=\"https:\/\/www23.statcan.gc.ca\/imdb\/p3VD_f.pl?Function=getVD&amp;TVD=118464&amp;CVD=118465&amp;CPV=31-33&amp;CST=01012012&amp;CLV=1&amp;MLV=5\" target=\"_blank\" rel=\"noopener\">d\u00e9tails<\/a>)<\/p>\n<p>-Commerce de gros \u2013 41 (<a href=\"https:\/\/www23.statcan.gc.ca\/imdb\/p3VD_f.pl?CLV=1&amp;CPV=41&amp;CST=01012012&amp;CVD=118465&amp;Function=getVD&amp;MLV=5&amp;TVD=118464\" target=\"_blank\" rel=\"noopener\">d\u00e9tails<\/a>)<\/p>\n<p>-Commerce de d\u00e9tail \u2013 44-45 (<a href=\"https:\/\/www23.statcan.gc.ca\/imdb\/p3VD_f.pl?Function=getVD&amp;TVD=118464&amp;CVD=118465&amp;CPV=44-45&amp;CST=01012012&amp;CLV=1&amp;MLV=5\" target=\"_blank\" rel=\"noopener\">d\u00e9tails<\/a>)<\/p>\n<p>-Transport et entreposage \u2013 48-49 (<a href=\"https:\/\/www23.statcan.gc.ca\/imdb\/p3VD_f.pl?Function=getVD&amp;TVD=118464&amp;CVD=118465&amp;CPV=48-49&amp;CST=01012012&amp;CLV=1&amp;MLV=5\" target=\"_blank\" rel=\"noopener\">d\u00e9tails<\/a>)<\/p>\n<p>-Industrie de l\u2019information et industrie culturelle \u2013 51 (<a href=\"https:\/\/www23.statcan.gc.ca\/imdb\/p3VD_f.pl?Function=getVD&amp;TVD=118464&amp;CVD=118465&amp;CPV=51&amp;CST=01012012&amp;CLV=1&amp;MLV=5\" target=\"_blank\" rel=\"noopener\">d\u00e9tails<\/a>)<\/p>\n<p>-Finance et assurances \u2013 52 (<a href=\"https:\/\/www23.statcan.gc.ca\/imdb\/p3VD_f.pl?CLV=1&amp;CPV=52&amp;CST=01012012&amp;CVD=118465&amp;Function=getVD&amp;MLV=5&amp;TVD=118464\" target=\"_blank\" rel=\"noopener\">d\u00e9tails<\/a>)<\/p>\n<p>-Services immobiliers et services de location et de location \u00e0 bail \u2013 53 (<a href=\"https:\/\/www23.statcan.gc.ca\/imdb\/p3VD_f.pl?CLV=1&amp;CPV=53&amp;CST=01012012&amp;CVD=118465&amp;Function=getVD&amp;MLV=5&amp;TVD=118464\" target=\"_blank\" rel=\"noopener\">d\u00e9tails<\/a>)<\/p>\n<p>-Services professionnels, scientifiques et techniques \u2013 54 (<a href=\"https:\/\/www23.statcan.gc.ca\/imdb\/p3VD_f.pl?CLV=1&amp;CPV=54&amp;CST=01012012&amp;CVD=118465&amp;Function=getVD&amp;MLV=5&amp;TVD=118464\" target=\"_blank\" rel=\"noopener\">d\u00e9tails<\/a>)<\/p>\n<p>-Gestion de soci\u00e9t\u00e9s et d\u2019entreprises \u2013 55 (<a href=\"https:\/\/www23.statcan.gc.ca\/imdb\/p3VD_f.pl?CLV=1&amp;CPV=55&amp;CST=01012012&amp;CVD=118465&amp;Function=getVD&amp;MLV=5&amp;TVD=118464\" target=\"_blank\" rel=\"noopener\">d\u00e9tails<\/a>)<\/p>\n<p>-Services administratifs, services de soutien, services de gestion des d\u00e9chets et services d\u2019assainissement \u2013 56 (<a href=\"https:\/\/www23.statcan.gc.ca\/imdb\/p3VD_f.pl?CLV=1&amp;CPV=56&amp;CST=01012012&amp;CVD=118465&amp;Function=getVD&amp;MLV=5&amp;TVD=118464\" target=\"_blank\" rel=\"noopener\">d\u00e9tails<\/a>)<\/p>\n<p>-Services d\u2019enseignement \u2013 61 (<a href=\"https:\/\/www23.statcan.gc.ca\/imdb\/p3VD_f.pl?CLV=1&amp;CPV=61&amp;CST=01012012&amp;CVD=118465&amp;Function=getVD&amp;MLV=5&amp;TVD=118464\" target=\"_blank\" rel=\"noopener\">d\u00e9tails<\/a>)<\/p>\n<p>-Soins de sant\u00e9 et assistance sociale \u2013 62 (<a href=\"https:\/\/www23.statcan.gc.ca\/imdb\/p3VD_f.pl?CLV=1&amp;CPV=62&amp;CST=01012012&amp;CVD=118465&amp;Function=getVD&amp;MLV=5&amp;TVD=118464\" target=\"_blank\" rel=\"noopener\">d\u00e9tails<\/a>)<\/p>\n<p>-Arts, spectacle et loisirs \u2013 71 (<a href=\"https:\/\/www23.statcan.gc.ca\/imdb\/p3VD_f.pl?CLV=1&amp;CPV=71&amp;CST=01012012&amp;CVD=118465&amp;Function=getVD&amp;MLV=5&amp;TVD=118464\" target=\"_blank\" rel=\"noopener\">d\u00e9tails<\/a>)<\/p>\n<p>-H\u00e9bergement et services de restauration \u2013 72 (<a href=\"https:\/\/www23.statcan.gc.ca\/imdb\/p3VD_f.pl?CLV=1&amp;CPV=72&amp;CST=01012012&amp;CVD=118465&amp;Function=getVD&amp;MLV=5&amp;TVD=118464\" target=\"_blank\" rel=\"noopener\">d\u00e9tails<\/a>)<\/p>\n<p>-Autres services, sauf les administrations publiques \u2013 81 (<a href=\"https:\/\/www23.statcan.gc.ca\/imdb\/p3VD_f.pl?CLV=1&amp;CPV=81&amp;CST=01012012&amp;CVD=118465&amp;Function=getVD&amp;MLV=5&amp;TVD=118464\" target=\"_blank\" rel=\"noopener\">d\u00e9tails<\/a>)<\/p>\n<p>-Administrations publiques \u2013 91 (<a href=\"https:\/\/www23.statcan.gc.ca\/imdb\/p3VD_f.pl?CLV=1&amp;CPV=91&amp;CST=01012012&amp;CVD=118465&amp;Function=getVD&amp;MLV=5&amp;TVD=118464\" target=\"_blank\" rel=\"noopener\">d\u00e9tails<\/a>)[\/vc_column_text][\/toggle][toggle color=\u00a0\u00bbDefault\u00a0\u00bb title=\u00a0\u00bbQuels sont les r\u00e8gles entourant le mot de passe et pourquoi ?\u00a0\u00bb][vc_column_text]Le mot de passe doit contenir de 12 \u00e0 64 caract\u00e8res, incluant un chiffre [0-9], une lettre minuscule [a-z], une lettre majuscule [A-Z] et un caract\u00e8re sp\u00e9cial [! @#$%^&amp;*]. Le 12 caract\u00e8res minimum suit la recommandation tel qu\u2019affich\u00e9e sur le site du gouvernement du Canada. Voir plus de d\u00e9tails en suivant ce lien: <a href=\"https:\/\/cyber.gc.ca\/fr\/orientation\/pratiques-exemplaires-de-creation-de-phrases-de-passe-et-de-mots-de-passeitsap30032\">https:\/\/cyber.gc.ca\/fr\/orientation\/pratiques-exemplaires-de-creation-de-phrases-de-passe-et-de-mots-de-passeitsap30032<\/a>[\/vc_column_text][\/toggle][\/toggles][\/vc_column][\/vc_row]\n","protected":false},"excerpt":{"rendered":"<p>[vc_row type=\u00a0\u00bbfull_width_background\u00a0\u00bb full_screen_row_position=\u00a0\u00bbmiddle\u00a0\u00bb column_margin=\u00a0\u00bbdefault\u00a0\u00bb column_direction=\u00a0\u00bbdefault\u00a0\u00bb column_direction_tablet=\u00a0\u00bbdefault\u00a0\u00bb column_direction_phone=\u00a0\u00bbdefault\u00a0\u00bb bg_color=\u00a0\u00bb#f7f7f7&Prime; scene_position=\u00a0\u00bbcenter\u00a0\u00bb top_padding=\u00a0\u00bb100&Prime; bottom_padding=\u00a0\u00bb100&Prime; text_color=\u00a0\u00bbdark\u00a0\u00bb text_align=\u00a0\u00bbleft\u00a0\u00bb row_border_radius=\u00a0\u00bbnone\u00a0\u00bb row_border_radius_applies=\u00a0\u00bbbg\u00a0\u00bb overlay_strength=\u00a0\u00bb0.3&Prime; gradient_direction=\u00a0\u00bbleft_to_right\u00a0\u00bb shape_divider_position=\u00a0\u00bbbottom\u00a0\u00bb bg_image_animation=\u00a0\u00bbnone\u00a0\u00bb shape_type=\u00a0\u00bb\u00a0\u00bb][vc_column column_padding=\u00a0\u00bbno-extra-padding\u00a0\u00bb column_padding_tablet=\u00a0\u00bbinherit\u00a0\u00bb column_padding_phone=\u00a0\u00bbinherit\u00a0\u00bb column_padding_position=\u00a0\u00bball\u00a0\u00bb column_element_spacing=\u00a0\u00bbdefault\u00a0\u00bb&#8230;<\/p>\n","protected":false},"author":1,"featured_media":0,"parent":0,"menu_order":0,"comment_status":"closed","ping_status":"closed","template":"","meta":{"inline_featured_image":false,"footnotes":""},"class_list":["post-5821","page","type-page","status-publish"],"yoast_head":"<!-- This site is optimized with the Yoast SEO plugin v27.5 - https:\/\/yoast.com\/product\/yoast-seo-wordpress\/ -->\n<title>FAQ - pubLib.<\/title>\n<meta name=\"description\" content=\"Explorer un ensemble de questions et r\u00e9ponses.\" \/>\n<meta name=\"robots\" content=\"index, follow, max-snippet:-1, max-image-preview:large, max-video-preview:-1\" \/>\n<link rel=\"canonical\" href=\"https:\/\/centrepublicitaire.lescoops.ca\/?page_id=5821\" \/>\n<meta property=\"og:locale\" content=\"fr_CA\" \/>\n<meta property=\"og:type\" content=\"article\" \/>\n<meta property=\"og:title\" content=\"FAQ du centre publicitaire\" \/>\n<meta property=\"og:description\" content=\"Explorer un ensemble de questions et r\u00e9ponses.\" \/>\n<meta property=\"og:url\" content=\"https:\/\/centrepublicitaire.lescoops.ca\/?page_id=5821\" \/>\n<meta property=\"og:site_name\" content=\"pubLib.\" \/>\n<meta property=\"article:modified_time\" content=\"2023-04-17T19:13:57+00:00\" \/>\n<meta name=\"twitter:card\" content=\"summary_large_image\" \/>\n<meta name=\"twitter:title\" content=\"FAQ du centre publicitaire\" \/>\n<meta name=\"twitter:description\" content=\"Explorer un ensemble de questions et r\u00e9ponses.\" \/>\n<meta name=\"twitter:label1\" content=\"Estimation du temps de lecture\" \/>\n\t<meta name=\"twitter:data1\" content=\"4 minutes\" \/>\n<script type=\"application\/ld+json\" class=\"yoast-schema-graph\">{\"@context\":\"https:\\\/\\\/schema.org\",\"@graph\":[{\"@type\":\"WebPage\",\"@id\":\"https:\\\/\\\/centrepublicitaire.lescoops.ca\\\/?page_id=5821\",\"url\":\"https:\\\/\\\/centrepublicitaire.lescoops.ca\\\/?page_id=5821\",\"name\":\"FAQ - pubLib.\",\"isPartOf\":{\"@id\":\"https:\\\/\\\/centrepublicitaire.lescoops.ca\\\/#website\"},\"datePublished\":\"2021-08-24T14:56:45+00:00\",\"dateModified\":\"2023-04-17T19:13:57+00:00\",\"description\":\"Explorer un ensemble de questions et r\u00e9ponses.\",\"breadcrumb\":{\"@id\":\"https:\\\/\\\/centrepublicitaire.lescoops.ca\\\/?page_id=5821#breadcrumb\"},\"inLanguage\":\"fr-CA\",\"potentialAction\":[{\"@type\":\"ReadAction\",\"target\":[\"https:\\\/\\\/centrepublicitaire.lescoops.ca\\\/?page_id=5821\"]}]},{\"@type\":\"BreadcrumbList\",\"@id\":\"https:\\\/\\\/centrepublicitaire.lescoops.ca\\\/?page_id=5821#breadcrumb\",\"itemListElement\":[{\"@type\":\"ListItem\",\"position\":1,\"name\":\"Home\",\"item\":\"https:\\\/\\\/centrepublicitaire.lescoops.ca\\\/\"},{\"@type\":\"ListItem\",\"position\":2,\"name\":\"FAQ\"}]},{\"@type\":\"WebSite\",\"@id\":\"https:\\\/\\\/centrepublicitaire.lescoops.ca\\\/#website\",\"url\":\"https:\\\/\\\/centrepublicitaire.lescoops.ca\\\/\",\"name\":\"pubLib.\",\"description\":\"Planifier et g\u00e9rer vos campagnes publicitaires\",\"potentialAction\":[{\"@type\":\"SearchAction\",\"target\":{\"@type\":\"EntryPoint\",\"urlTemplate\":\"https:\\\/\\\/centrepublicitaire.lescoops.ca\\\/?s={search_term_string}\"},\"query-input\":{\"@type\":\"PropertyValueSpecification\",\"valueRequired\":true,\"valueName\":\"search_term_string\"}}],\"inLanguage\":\"fr-CA\"}]}<\/script>\n<!-- \/ Yoast SEO plugin. -->","yoast_head_json":{"title":"FAQ - pubLib.","description":"Explorer un ensemble de questions et r\u00e9ponses.","robots":{"index":"index","follow":"follow","max-snippet":"max-snippet:-1","max-image-preview":"max-image-preview:large","max-video-preview":"max-video-preview:-1"},"canonical":"https:\/\/centrepublicitaire.lescoops.ca\/?page_id=5821","og_locale":"fr_CA","og_type":"article","og_title":"FAQ du centre publicitaire","og_description":"Explorer un ensemble de questions et r\u00e9ponses.","og_url":"https:\/\/centrepublicitaire.lescoops.ca\/?page_id=5821","og_site_name":"pubLib.","article_modified_time":"2023-04-17T19:13:57+00:00","twitter_card":"summary_large_image","twitter_title":"FAQ du centre publicitaire","twitter_description":"Explorer un ensemble de questions et r\u00e9ponses.","twitter_misc":{"Estimation du temps de lecture":"4 minutes"},"schema":{"@context":"https:\/\/schema.org","@graph":[{"@type":"WebPage","@id":"https:\/\/centrepublicitaire.lescoops.ca\/?page_id=5821","url":"https:\/\/centrepublicitaire.lescoops.ca\/?page_id=5821","name":"FAQ - pubLib.","isPartOf":{"@id":"https:\/\/centrepublicitaire.lescoops.ca\/#website"},"datePublished":"2021-08-24T14:56:45+00:00","dateModified":"2023-04-17T19:13:57+00:00","description":"Explorer un ensemble de questions et r\u00e9ponses.","breadcrumb":{"@id":"https:\/\/centrepublicitaire.lescoops.ca\/?page_id=5821#breadcrumb"},"inLanguage":"fr-CA","potentialAction":[{"@type":"ReadAction","target":["https:\/\/centrepublicitaire.lescoops.ca\/?page_id=5821"]}]},{"@type":"BreadcrumbList","@id":"https:\/\/centrepublicitaire.lescoops.ca\/?page_id=5821#breadcrumb","itemListElement":[{"@type":"ListItem","position":1,"name":"Home","item":"https:\/\/centrepublicitaire.lescoops.ca\/"},{"@type":"ListItem","position":2,"name":"FAQ"}]},{"@type":"WebSite","@id":"https:\/\/centrepublicitaire.lescoops.ca\/#website","url":"https:\/\/centrepublicitaire.lescoops.ca\/","name":"pubLib.","description":"Planifier et g\u00e9rer vos campagnes publicitaires","potentialAction":[{"@type":"SearchAction","target":{"@type":"EntryPoint","urlTemplate":"https:\/\/centrepublicitaire.lescoops.ca\/?s={search_term_string}"},"query-input":{"@type":"PropertyValueSpecification","valueRequired":true,"valueName":"search_term_string"}}],"inLanguage":"fr-CA"}]}},"_links":{"self":[{"href":"http:\/\/centrepublicitaire.lescoops.ca\/index.php?rest_route=\/wp\/v2\/pages\/5821","targetHints":{"allow":["GET"]}}],"collection":[{"href":"http:\/\/centrepublicitaire.lescoops.ca\/index.php?rest_route=\/wp\/v2\/pages"}],"about":[{"href":"http:\/\/centrepublicitaire.lescoops.ca\/index.php?rest_route=\/wp\/v2\/types\/page"}],"author":[{"embeddable":true,"href":"http:\/\/centrepublicitaire.lescoops.ca\/index.php?rest_route=\/wp\/v2\/users\/1"}],"replies":[{"embeddable":true,"href":"http:\/\/centrepublicitaire.lescoops.ca\/index.php?rest_route=%2Fwp%2Fv2%2Fcomments&post=5821"}],"version-history":[{"count":20,"href":"http:\/\/centrepublicitaire.lescoops.ca\/index.php?rest_route=\/wp\/v2\/pages\/5821\/revisions"}],"predecessor-version":[{"id":6094,"href":"http:\/\/centrepublicitaire.lescoops.ca\/index.php?rest_route=\/wp\/v2\/pages\/5821\/revisions\/6094"}],"wp:attachment":[{"href":"http:\/\/centrepublicitaire.lescoops.ca\/index.php?rest_route=%2Fwp%2Fv2%2Fmedia&parent=5821"}],"curies":[{"name":"wp","href":"https:\/\/api.w.org\/{rel}","templated":true}]}}